{"id":84,"date":"2016-01-19T12:51:00","date_gmt":"2016-01-19T11:51:00","guid":{"rendered":"https:\/\/lubebv.nl\/nl\/sourcing\/base-fluids\/"},"modified":"2016-02-01T22:24:08","modified_gmt":"2016-02-01T21:24:08","slug":"basisvloeistoffen","status":"publish","type":"page","link":"https:\/\/lubebv.nl\/nl\/sourcing\/basisvloeistoffen\/","title":{"rendered":"Basisvloeistoffen"},"content":{"rendered":"<p>Basisoli\u00ebn zijn als de het ware de ruggengraat van de smeermiddelformulering.<\/p>\n<p>Basisvloeistoffen worden onderverdeeld in vijf groepen<\/p>\n<h2>Groep I<\/h2>\n<p>basisoli\u00ebn zijn de minst verfijnde groepen van alle groepen.<\/p>\n<h2>Groep II<\/h2>\n<p>basisoli\u00ebn zijn gebruikelijk in minerale motorolie die momenteel beschikbaar is op de markt.<\/p>\n<h2>Groep III<\/h2>\n<p>basisoli\u00ebn worden onderworpen aan het hoogste niveau van minerale olie raffinage.<\/p>\n<h2>Groep IV<\/h2>\n<p>basisoli\u00ebn zijn chemisch gemanipuleerde synthetische basisoli\u00ebn, Polyalphaolefins (PAO\u2019s).<\/p>\n<h2>Groep V<\/h2>\n<p>basisoli\u00ebn worden voornamelijk gebruikt in de creatie van olieadditieven. Esters en polyol esters.<\/p>\n<p>De steeds veranderende technische en milieu specificaties van smeermiddelformuleringen hebben een grote impact op de keuze van de basisvloeistof. LMS kan de meest kost effectieve basisolie voor u adviseren en aanbevelen.<\/p>\n<p>Als u ge\u00efnteresseerd bent in onze diensten neem dan gerust contact op via <a href=\"http:\/\/lubebv.visualprototype.nl\/nl\/contact\/\">contact.<\/a><\/p>\n","protected":false},"excerpt":{"rendered":"<p>Basisoli\u00ebn zijn als de het ware de ruggengraat van de smeermiddelformulering. Basisvloeistoffen worden onderverdeeld in vijf groepen Groep I basisoli\u00ebn zijn de minst verfijnde groepen van alle groepen. Groep II basisoli\u00ebn zijn gebruikelijk in minerale motorolie die momenteel beschikbaar is op de markt. Groep III basisoli\u00ebn worden onderworpen aan het hoogste niveau van minerale olie [&hellip;]<\/p>\n","protected":false},"author":1,"featured_media":0,"parent":82,"menu_order":0,"comment_status":"closed","ping_status":"closed","template":"","meta":{"_acf_changed":false,"footnotes":""},"class_list":["post-84","page","type-page","status-publish","hentry"],"acf":[],"yoast_head":"<!-- This site is optimized with the Yoast SEO plugin v27.0 - https:\/\/yoast.com\/product\/yoast-seo-wordpress\/ -->\n<title>Basisvloeistoffen - Lubricant Market Solutions B.V.<\/title>\n<meta name=\"robots\" content=\"index, follow, max-snippet:-1, max-image-preview:large, max-video-preview:-1\" \/>\n<link rel=\"canonical\" href=\"https:\/\/lubebv.nl\/nl\/sourcing\/basisvloeistoffen\/\" \/>\n<meta property=\"og:locale\" content=\"nl_NL\" \/>\n<meta property=\"og:type\" content=\"article\" \/>\n<meta property=\"og:title\" content=\"Basisvloeistoffen - Lubricant Market Solutions B.V.\" \/>\n<meta property=\"og:description\" content=\"Basisoli\u00ebn zijn als de het ware de ruggengraat van de smeermiddelformulering. Basisvloeistoffen worden onderverdeeld in vijf groepen Groep I basisoli\u00ebn zijn de minst verfijnde groepen van alle groepen. Groep II basisoli\u00ebn zijn gebruikelijk in minerale motorolie die momenteel beschikbaar is op de markt. Groep III basisoli\u00ebn worden onderworpen aan het hoogste niveau van minerale olie [&hellip;]\" \/>\n<meta property=\"og:url\" content=\"https:\/\/lubebv.nl\/nl\/sourcing\/basisvloeistoffen\/\" \/>\n<meta property=\"og:site_name\" content=\"Lubricant Market Solutions B.V.\" \/>\n<meta property=\"article:modified_time\" content=\"2016-02-01T21:24:08+00:00\" \/>\n<meta name=\"twitter:card\" content=\"summary_large_image\" \/>\n<meta name=\"twitter:label1\" content=\"Geschatte leestijd\" \/>\n\t<meta name=\"twitter:data1\" content=\"1 minuut\" \/>\n<script type=\"application\/ld+json\" class=\"yoast-schema-graph\">{\"@context\":\"https:\/\/schema.org\",\"@graph\":[{\"@type\":\"WebPage\",\"@id\":\"https:\/\/lubebv.nl\/nl\/sourcing\/basisvloeistoffen\/\",\"url\":\"https:\/\/lubebv.nl\/nl\/sourcing\/basisvloeistoffen\/\",\"name\":\"Basisvloeistoffen - Lubricant Market Solutions B.V.\",\"isPartOf\":{\"@id\":\"https:\/\/lubebv.nl\/#website\"},\"datePublished\":\"2016-01-19T11:51:00+00:00\",\"dateModified\":\"2016-02-01T21:24:08+00:00\",\"breadcrumb\":{\"@id\":\"https:\/\/lubebv.nl\/nl\/sourcing\/basisvloeistoffen\/#breadcrumb\"},\"inLanguage\":\"nl-NL\",\"potentialAction\":[{\"@type\":\"ReadAction\",\"target\":[\"https:\/\/lubebv.nl\/nl\/sourcing\/basisvloeistoffen\/\"]}]},{\"@type\":\"BreadcrumbList\",\"@id\":\"https:\/\/lubebv.nl\/nl\/sourcing\/basisvloeistoffen\/#breadcrumb\",\"itemListElement\":[{\"@type\":\"ListItem\",\"position\":1,\"name\":\"Home\",\"item\":\"https:\/\/lubebv.nl\/nl\/\"},{\"@type\":\"ListItem\",\"position\":2,\"name\":\"Sourcing\",\"item\":\"https:\/\/lubebv.nl\/nl\/sourcing\/\"},{\"@type\":\"ListItem\",\"position\":3,\"name\":\"Basisvloeistoffen\"}]},{\"@type\":\"WebSite\",\"@id\":\"https:\/\/lubebv.nl\/#website\",\"url\":\"https:\/\/lubebv.nl\/\",\"name\":\"Lubricant Market Solutions B.V.\",\"description\":\"Voor al uw technische en commerci\u00eble vragen\",\"potentialAction\":[{\"@type\":\"SearchAction\",\"target\":{\"@type\":\"EntryPoint\",\"urlTemplate\":\"https:\/\/lubebv.nl\/?s={search_term_string}\"},\"query-input\":{\"@type\":\"PropertyValueSpecification\",\"valueRequired\":true,\"valueName\":\"search_term_string\"}}],\"inLanguage\":\"nl-NL\"}]}<\/script>\n<!-- \/ Yoast SEO plugin. -->","yoast_head_json":{"title":"Basisvloeistoffen - Lubricant Market Solutions B.V.","robots":{"index":"index","follow":"follow","max-snippet":"max-snippet:-1","max-image-preview":"max-image-preview:large","max-video-preview":"max-video-preview:-1"},"canonical":"https:\/\/lubebv.nl\/nl\/sourcing\/basisvloeistoffen\/","og_locale":"nl_NL","og_type":"article","og_title":"Basisvloeistoffen - Lubricant Market Solutions B.V.","og_description":"Basisoli\u00ebn zijn als de het ware de ruggengraat van de smeermiddelformulering. Basisvloeistoffen worden onderverdeeld in vijf groepen Groep I basisoli\u00ebn zijn de minst verfijnde groepen van alle groepen. Groep II basisoli\u00ebn zijn gebruikelijk in minerale motorolie die momenteel beschikbaar is op de markt. Groep III basisoli\u00ebn worden onderworpen aan het hoogste niveau van minerale olie [&hellip;]","og_url":"https:\/\/lubebv.nl\/nl\/sourcing\/basisvloeistoffen\/","og_site_name":"Lubricant Market Solutions B.V.","article_modified_time":"2016-02-01T21:24:08+00:00","twitter_card":"summary_large_image","twitter_misc":{"Geschatte leestijd":"1 minuut"},"schema":{"@context":"https:\/\/schema.org","@graph":[{"@type":"WebPage","@id":"https:\/\/lubebv.nl\/nl\/sourcing\/basisvloeistoffen\/","url":"https:\/\/lubebv.nl\/nl\/sourcing\/basisvloeistoffen\/","name":"Basisvloeistoffen - Lubricant Market Solutions B.V.","isPartOf":{"@id":"https:\/\/lubebv.nl\/#website"},"datePublished":"2016-01-19T11:51:00+00:00","dateModified":"2016-02-01T21:24:08+00:00","breadcrumb":{"@id":"https:\/\/lubebv.nl\/nl\/sourcing\/basisvloeistoffen\/#breadcrumb"},"inLanguage":"nl-NL","potentialAction":[{"@type":"ReadAction","target":["https:\/\/lubebv.nl\/nl\/sourcing\/basisvloeistoffen\/"]}]},{"@type":"BreadcrumbList","@id":"https:\/\/lubebv.nl\/nl\/sourcing\/basisvloeistoffen\/#breadcrumb","itemListElement":[{"@type":"ListItem","position":1,"name":"Home","item":"https:\/\/lubebv.nl\/nl\/"},{"@type":"ListItem","position":2,"name":"Sourcing","item":"https:\/\/lubebv.nl\/nl\/sourcing\/"},{"@type":"ListItem","position":3,"name":"Basisvloeistoffen"}]},{"@type":"WebSite","@id":"https:\/\/lubebv.nl\/#website","url":"https:\/\/lubebv.nl\/","name":"Lubricant Market Solutions B.V.","description":"Voor al uw technische en commerci\u00eble vragen","potentialAction":[{"@type":"SearchAction","target":{"@type":"EntryPoint","urlTemplate":"https:\/\/lubebv.nl\/?s={search_term_string}"},"query-input":{"@type":"PropertyValueSpecification","valueRequired":true,"valueName":"search_term_string"}}],"inLanguage":"nl-NL"}]}},"_links":{"self":[{"href":"https:\/\/lubebv.nl\/nl\/wp-json\/wp\/v2\/pages\/84","targetHints":{"allow":["GET"]}}],"collection":[{"href":"https:\/\/lubebv.nl\/nl\/wp-json\/wp\/v2\/pages"}],"about":[{"href":"https:\/\/lubebv.nl\/nl\/wp-json\/wp\/v2\/types\/page"}],"author":[{"embeddable":true,"href":"https:\/\/lubebv.nl\/nl\/wp-json\/wp\/v2\/users\/1"}],"replies":[{"embeddable":true,"href":"https:\/\/lubebv.nl\/nl\/wp-json\/wp\/v2\/comments?post=84"}],"version-history":[{"count":0,"href":"https:\/\/lubebv.nl\/nl\/wp-json\/wp\/v2\/pages\/84\/revisions"}],"up":[{"embeddable":true,"href":"https:\/\/lubebv.nl\/nl\/wp-json\/wp\/v2\/pages\/82"}],"wp:attachment":[{"href":"https:\/\/lubebv.nl\/nl\/wp-json\/wp\/v2\/media?parent=84"}],"curies":[{"name":"wp","href":"https:\/\/api.w.org\/{rel}","templated":true}]}}