{"id":82,"date":"2016-01-17T02:13:48","date_gmt":"2016-01-17T01:13:48","guid":{"rendered":"https:\/\/lubebv.nl\/nl\/sourcing\/"},"modified":"2018-10-14T19:17:07","modified_gmt":"2018-10-14T18:17:07","slug":"sourcing","status":"publish","type":"page","link":"https:\/\/lubebv.nl\/nl\/sourcing\/","title":{"rendered":"Sourcing"},"content":{"rendered":"<p>Hoe kan inkoop continu een\u00a0positieve bijdrage leveren aan het bedrijfsresultaat?<\/p>\n<p>\u2022 Denk verder dan uw reguliere contacten met leveranciers en probeer\u00a0zonder kosten te maken of risico te lopen andere informatiebronnen.<\/p>\n<p>\u2022 Smeermiddelen bevatten \u00e9\u00e9n of meerdere additieven en \u00e9\u00e9n of meer basisoli\u00ebn.<\/p>\n<p>\u2022 LMS kan uw sourcing agent voor basisoli\u00ebn en additieven worden.<\/p>\n<h2>Alternatieve opties<\/h2>\n<p><img loading=\"lazy\" decoding=\"async\" class=\"alignnone size-medium wp-image-126\" src=\"https:\/\/lubebv.nl\/wp-content\/uploads\/2016\/01\/sourcing1-300x199.jpg\" alt=\"sourcing1\" width=\"300\" height=\"199\" srcset=\"https:\/\/lubebv.nl\/wp-content\/uploads\/2016\/01\/sourcing1-300x199.jpg 300w, https:\/\/lubebv.nl\/wp-content\/uploads\/2016\/01\/sourcing1-768x510.jpg 768w, https:\/\/lubebv.nl\/wp-content\/uploads\/2016\/01\/sourcing1.jpg 980w\" sizes=\"auto, (max-width: 300px) 100vw, 300px\" \/><\/p>\n","protected":false},"excerpt":{"rendered":"<p>Hoe kan inkoop continu een\u00a0positieve bijdrage leveren aan het bedrijfsresultaat? \u2022 Denk verder dan uw reguliere contacten met leveranciers en probeer\u00a0zonder kosten te maken of risico te lopen andere informatiebronnen. \u2022 Smeermiddelen bevatten \u00e9\u00e9n of meerdere additieven en \u00e9\u00e9n of meer basisoli\u00ebn. \u2022 LMS kan uw sourcing agent voor basisoli\u00ebn en additieven worden. Alternatieve opties<\/p>\n","protected":false},"author":1,"featured_media":0,"parent":0,"menu_order":0,"comment_status":"closed","ping_status":"closed","template":"","meta":{"_acf_changed":false,"footnotes":""},"class_list":["post-82","page","type-page","status-publish","hentry"],"acf":[],"yoast_head":"<!-- This site is optimized with the Yoast SEO plugin v27.0 - https:\/\/yoast.com\/product\/yoast-seo-wordpress\/ -->\n<title>Sourcing - Lubricant Market Solutions B.V.<\/title>\n<meta name=\"robots\" content=\"index, follow, max-snippet:-1, max-image-preview:large, max-video-preview:-1\" \/>\n<link rel=\"canonical\" href=\"https:\/\/lubebv.nl\/nl\/sourcing\/\" \/>\n<meta property=\"og:locale\" content=\"nl_NL\" \/>\n<meta property=\"og:type\" content=\"article\" \/>\n<meta property=\"og:title\" content=\"Sourcing - Lubricant Market Solutions B.V.\" \/>\n<meta property=\"og:description\" content=\"Hoe kan inkoop continu een\u00a0positieve bijdrage leveren aan het bedrijfsresultaat? \u2022 Denk verder dan uw reguliere contacten met leveranciers en probeer\u00a0zonder kosten te maken of risico te lopen andere informatiebronnen. \u2022 Smeermiddelen bevatten \u00e9\u00e9n of meerdere additieven en \u00e9\u00e9n of meer basisoli\u00ebn. \u2022 LMS kan uw sourcing agent voor basisoli\u00ebn en additieven worden. Alternatieve opties\" \/>\n<meta property=\"og:url\" content=\"https:\/\/lubebv.nl\/nl\/sourcing\/\" \/>\n<meta property=\"og:site_name\" content=\"Lubricant Market Solutions B.V.\" \/>\n<meta property=\"article:modified_time\" content=\"2018-10-14T18:17:07+00:00\" \/>\n<meta property=\"og:image\" content=\"https:\/\/lubebv.nl\/wp-content\/uploads\/2016\/01\/sourcing1-300x199.jpg\" \/>\n<meta name=\"twitter:card\" content=\"summary_large_image\" \/>\n<script type=\"application\/ld+json\" class=\"yoast-schema-graph\">{\"@context\":\"https:\/\/schema.org\",\"@graph\":[{\"@type\":\"WebPage\",\"@id\":\"https:\/\/lubebv.nl\/nl\/sourcing\/\",\"url\":\"https:\/\/lubebv.nl\/nl\/sourcing\/\",\"name\":\"Sourcing - Lubricant Market Solutions B.V.\",\"isPartOf\":{\"@id\":\"https:\/\/lubebv.nl\/#website\"},\"primaryImageOfPage\":{\"@id\":\"https:\/\/lubebv.nl\/nl\/sourcing\/#primaryimage\"},\"image\":{\"@id\":\"https:\/\/lubebv.nl\/nl\/sourcing\/#primaryimage\"},\"thumbnailUrl\":\"https:\/\/lubebv.nl\/wp-content\/uploads\/2016\/01\/sourcing1-300x199.jpg\",\"datePublished\":\"2016-01-17T01:13:48+00:00\",\"dateModified\":\"2018-10-14T18:17:07+00:00\",\"breadcrumb\":{\"@id\":\"https:\/\/lubebv.nl\/nl\/sourcing\/#breadcrumb\"},\"inLanguage\":\"nl-NL\",\"potentialAction\":[{\"@type\":\"ReadAction\",\"target\":[\"https:\/\/lubebv.nl\/nl\/sourcing\/\"]}]},{\"@type\":\"ImageObject\",\"inLanguage\":\"nl-NL\",\"@id\":\"https:\/\/lubebv.nl\/nl\/sourcing\/#primaryimage\",\"url\":\"https:\/\/lubebv.nl\/wp-content\/uploads\/2016\/01\/sourcing1-300x199.jpg\",\"contentUrl\":\"https:\/\/lubebv.nl\/wp-content\/uploads\/2016\/01\/sourcing1-300x199.jpg\"},{\"@type\":\"BreadcrumbList\",\"@id\":\"https:\/\/lubebv.nl\/nl\/sourcing\/#breadcrumb\",\"itemListElement\":[{\"@type\":\"ListItem\",\"position\":1,\"name\":\"Home\",\"item\":\"https:\/\/lubebv.nl\/nl\/\"},{\"@type\":\"ListItem\",\"position\":2,\"name\":\"Sourcing\"}]},{\"@type\":\"WebSite\",\"@id\":\"https:\/\/lubebv.nl\/#website\",\"url\":\"https:\/\/lubebv.nl\/\",\"name\":\"Lubricant Market Solutions B.V.\",\"description\":\"Voor al uw technische en commerci\u00eble vragen\",\"potentialAction\":[{\"@type\":\"SearchAction\",\"target\":{\"@type\":\"EntryPoint\",\"urlTemplate\":\"https:\/\/lubebv.nl\/?s={search_term_string}\"},\"query-input\":{\"@type\":\"PropertyValueSpecification\",\"valueRequired\":true,\"valueName\":\"search_term_string\"}}],\"inLanguage\":\"nl-NL\"}]}<\/script>\n<!-- \/ Yoast SEO plugin. -->","yoast_head_json":{"title":"Sourcing - Lubricant Market Solutions B.V.","robots":{"index":"index","follow":"follow","max-snippet":"max-snippet:-1","max-image-preview":"max-image-preview:large","max-video-preview":"max-video-preview:-1"},"canonical":"https:\/\/lubebv.nl\/nl\/sourcing\/","og_locale":"nl_NL","og_type":"article","og_title":"Sourcing - Lubricant Market Solutions B.V.","og_description":"Hoe kan inkoop continu een\u00a0positieve bijdrage leveren aan het bedrijfsresultaat? \u2022 Denk verder dan uw reguliere contacten met leveranciers en probeer\u00a0zonder kosten te maken of risico te lopen andere informatiebronnen. \u2022 Smeermiddelen bevatten \u00e9\u00e9n of meerdere additieven en \u00e9\u00e9n of meer basisoli\u00ebn. \u2022 LMS kan uw sourcing agent voor basisoli\u00ebn en additieven worden. Alternatieve opties","og_url":"https:\/\/lubebv.nl\/nl\/sourcing\/","og_site_name":"Lubricant Market Solutions B.V.","article_modified_time":"2018-10-14T18:17:07+00:00","og_image":[{"url":"https:\/\/lubebv.nl\/wp-content\/uploads\/2016\/01\/sourcing1-300x199.jpg","type":"","width":"","height":""}],"twitter_card":"summary_large_image","schema":{"@context":"https:\/\/schema.org","@graph":[{"@type":"WebPage","@id":"https:\/\/lubebv.nl\/nl\/sourcing\/","url":"https:\/\/lubebv.nl\/nl\/sourcing\/","name":"Sourcing - Lubricant Market Solutions B.V.","isPartOf":{"@id":"https:\/\/lubebv.nl\/#website"},"primaryImageOfPage":{"@id":"https:\/\/lubebv.nl\/nl\/sourcing\/#primaryimage"},"image":{"@id":"https:\/\/lubebv.nl\/nl\/sourcing\/#primaryimage"},"thumbnailUrl":"https:\/\/lubebv.nl\/wp-content\/uploads\/2016\/01\/sourcing1-300x199.jpg","datePublished":"2016-01-17T01:13:48+00:00","dateModified":"2018-10-14T18:17:07+00:00","breadcrumb":{"@id":"https:\/\/lubebv.nl\/nl\/sourcing\/#breadcrumb"},"inLanguage":"nl-NL","potentialAction":[{"@type":"ReadAction","target":["https:\/\/lubebv.nl\/nl\/sourcing\/"]}]},{"@type":"ImageObject","inLanguage":"nl-NL","@id":"https:\/\/lubebv.nl\/nl\/sourcing\/#primaryimage","url":"https:\/\/lubebv.nl\/wp-content\/uploads\/2016\/01\/sourcing1-300x199.jpg","contentUrl":"https:\/\/lubebv.nl\/wp-content\/uploads\/2016\/01\/sourcing1-300x199.jpg"},{"@type":"BreadcrumbList","@id":"https:\/\/lubebv.nl\/nl\/sourcing\/#breadcrumb","itemListElement":[{"@type":"ListItem","position":1,"name":"Home","item":"https:\/\/lubebv.nl\/nl\/"},{"@type":"ListItem","position":2,"name":"Sourcing"}]},{"@type":"WebSite","@id":"https:\/\/lubebv.nl\/#website","url":"https:\/\/lubebv.nl\/","name":"Lubricant Market Solutions B.V.","description":"Voor al uw technische en commerci\u00eble vragen","potentialAction":[{"@type":"SearchAction","target":{"@type":"EntryPoint","urlTemplate":"https:\/\/lubebv.nl\/?s={search_term_string}"},"query-input":{"@type":"PropertyValueSpecification","valueRequired":true,"valueName":"search_term_string"}}],"inLanguage":"nl-NL"}]}},"_links":{"self":[{"href":"https:\/\/lubebv.nl\/nl\/wp-json\/wp\/v2\/pages\/82","targetHints":{"allow":["GET"]}}],"collection":[{"href":"https:\/\/lubebv.nl\/nl\/wp-json\/wp\/v2\/pages"}],"about":[{"href":"https:\/\/lubebv.nl\/nl\/wp-json\/wp\/v2\/types\/page"}],"author":[{"embeddable":true,"href":"https:\/\/lubebv.nl\/nl\/wp-json\/wp\/v2\/users\/1"}],"replies":[{"embeddable":true,"href":"https:\/\/lubebv.nl\/nl\/wp-json\/wp\/v2\/comments?post=82"}],"version-history":[{"count":0,"href":"https:\/\/lubebv.nl\/nl\/wp-json\/wp\/v2\/pages\/82\/revisions"}],"wp:attachment":[{"href":"https:\/\/lubebv.nl\/nl\/wp-json\/wp\/v2\/media?parent=82"}],"curies":[{"name":"wp","href":"https:\/\/api.w.org\/{rel}","templated":true}]}}